{"id":2476,"date":"2024-07-19T16:43:31","date_gmt":"2024-07-19T13:43:31","guid":{"rendered":"https:\/\/www.genindmcc.com\/proteccion-de-la-naturaleza\/"},"modified":"2024-09-23T11:23:39","modified_gmt":"2024-09-23T08:23:39","slug":"proteccion-de-la-naturaleza","status":"publish","type":"page","link":"https:\/\/www.genindmcc.com\/es\/proteccion-de-la-naturaleza\/","title":{"rendered":"PROTECCI\u00d3N DE LA NATURALEZA"},"content":{"rendered":"<div class=\"wpb-content-wrapper\"><p>[vc_section][vc_row full_height=\u00bbyes\u00bb awb_type=\u00bbimage\u00bb awb_stretch=\u00bb1&#8243; awb_image_size=\u00bbarquito-1920x1080_crop\u00bb awb_image_background_position=\u00bb50% 50%\u00bb awb_color=\u00bbrgba(0,0,0,0.45)\u00bb awb_parallax=\u00bbscroll\u00bb awb_parallax_speed=\u00bb0.8&#8243; awb_image=\u00bb1358&#8243;][vc_column]<div class=\"ult-spacer spacer-69e16f7c17ccd\" data-id=\"69e16f7c17ccd\" data-height=\"180\" data-height-mobile=\"180\" data-height-tab=\"180\" data-height-tab-portrait=\"\" data-height-mobile-landscape=\"\" style=\"clear:both;display:block;\"><\/div>[\/vc_column][vc_column width=\u00bb5\/6&#8243;]<div class=\"vlthemes_custom_69e16f7c17d3a   vlt-animation-block\" data-aos=\"fade\" data-aos-delay=\"0\"><div id=\"ultimate-heading-301369e16f7c17dd4\" class=\"uvc-heading ult-adjust-bottom-margin ultimate-heading-301369e16f7c17dd4 uvc-1753 \" data-hspacer=\"no_spacer\"  data-halign=\"left\" style=\"text-align:left\"><div class=\"uvc-heading-spacer no_spacer\" style=\"top\"><\/div><div class=\"uvc-main-heading ult-responsive\"  data-ultimate-target='.uvc-heading.ultimate-heading-301369e16f7c17dd4 span'  data-responsive-json-new='{\"font-size\":\"desktop:24px;\",\"line-height\":\"\"}' ><span style=\"font-weight:normal;color:#ffffff;\">Salvemos el Mundo<\/span><\/div><\/div><\/div><div class=\"ult-spacer spacer-69e16f7c17e27\" data-id=\"69e16f7c17e27\" data-height=\"30\" data-height-mobile=\"30\" data-height-tab=\"30\" data-height-tab-portrait=\"\" data-height-mobile-landscape=\"\" style=\"clear:both;display:block;\"><\/div><div class=\"vlthemes_custom_69e16f7c17e59   vlt-animation-block\" data-aos=\"fade\" data-aos-delay=\"100\"><div id=\"ultimate-heading-833569e16f7c17ec9\" class=\"uvc-heading ult-adjust-bottom-margin ultimate-heading-833569e16f7c17ec9 uvc-3999 vlt-custom--3515\" data-hspacer=\"no_spacer\"  data-halign=\"left\" style=\"text-align:left\"><div class=\"uvc-heading-spacer no_spacer\" style=\"top\"><\/div><div class=\"uvc-main-heading ult-responsive\"  data-ultimate-target='.uvc-heading.ultimate-heading-833569e16f7c17ec9 h1'  data-responsive-json-new='{\"font-size\":\"desktop:160px;tablet:120px;mobile_landscape:85px;mobile:70px;\",\"line-height\":\"desktop:120px;tablet:90px;mobile_landscape:64px;mobile:61px;\"}' ><h1 style=\"font-family:&#039;Teko&#039;;font-weight:normal;color:#ffffff;\">PROTECCI\u00d3N DE LA NATURALEZA<\/h1><\/div><div class=\"uvc-sub-heading ult-responsive\"  data-ultimate-target='.uvc-heading.ultimate-heading-833569e16f7c17ec9 .uvc-sub-heading '  data-responsive-json-new='{\"font-size\":\"desktop:20px;tablet:16px;\",\"line-height\":\"desktop:32px;tablet:26px;\"}'  style=\"font-weight:normal;color:#ffffff;margin-top:50px;\">Uno de los objetivos fundamentales de GenIn es mantener el equilibrio entre la prosperidad econ\u00f3mica y la conservaci\u00f3n del medio ambiente.<\/div><\/div><\/div><div class=\"ult-spacer spacer-69e16f7c17f3b\" data-id=\"69e16f7c17f3b\" data-height=\"\" data-height-mobile=\"\" data-height-tab=\"40\" data-height-tab-portrait=\"\" data-height-mobile-landscape=\"\" style=\"clear:both;display:block;\"><\/div>[\/vc_column][vc_column width=\u00bb1\/6&#8243;]<div class=\"ult-spacer spacer-69e16f7c17f6a\" data-id=\"69e16f7c17f6a\" data-height=\"100\" data-height-mobile=\"0\" data-height-tab=\"0\" data-height-tab-portrait=\"0\" data-height-mobile-landscape=\"0\" style=\"clear:both;display:block;\"><\/div><div class=\"vlthemes_custom_69e16f7c17f90   vlt-animation-block\" data-aos=\"fade\" data-aos-delay=\"200\">[vc_custom_heading text=\u00bb\u00bb font_container=\u00bbtag:div|font_size:20px|text_align:right|color:%23ffffff|line_height:1&#8243; use_theme_fonts=\u00bbyes\u00bb el_class=\u00bbtext-uppercase font-weight-semibold text-left text-xl-right\u00bb]<div class=\"ult-spacer spacer-69e16f7c17fe7\" data-id=\"69e16f7c17fe7\" data-height=\"10\" data-height-mobile=\"10\" data-height-tab=\"10\" data-height-tab-portrait=\"\" data-height-mobile-landscape=\"\" style=\"clear:both;display:block;\"><\/div>[vc_custom_heading text=\u00bb\u00bb font_container=\u00bbtag:div|font_size:40px|text_align:right|color:%23ffffff|line_height:1&#8243; use_theme_fonts=\u00bbyes\u00bb el_class=\u00bbfont-weight-medium text-left text-xl-right\u00bb]<\/div>[\/vc_column][\/vc_row][\/vc_section][vc_section][vc_row][vc_column]<div class=\"vlthemes_custom_69e16f7c18028   vlt-animation-block\" data-aos=\"fade\" data-aos-delay=\"100\"><div class=\"ult-spacer spacer-69e16f7c180a1\" data-id=\"69e16f7c180a1\" data-height=\"50\" data-height-mobile=\"50\" data-height-tab=\"50\" data-height-tab-portrait=\"\" data-height-mobile-landscape=\"\" style=\"clear:both;display:block;\"><\/div><div id=\"ultimate-heading-607769e16f7c1810a\" class=\"uvc-heading ult-adjust-bottom-margin ultimate-heading-607769e16f7c1810a uvc-5487 vlt-custom--3515\" data-hspacer=\"no_spacer\"  data-halign=\"left\" style=\"text-align:left\"><div class=\"uvc-heading-spacer no_spacer\" style=\"top\"><\/div><div class=\"uvc-sub-heading ult-responsive\"  data-ultimate-target='.uvc-heading.ultimate-heading-607769e16f7c1810a .uvc-sub-heading '  data-responsive-json-new='{\"font-size\":\"desktop:20px;tablet:16px;\",\"line-height\":\"desktop:32px;tablet:26px;\"}'  style=\"font-weight:normal;color:#000000;margin-top:50px;\">Nuestros servicios de inspecci\u00f3n en curso est\u00e1n meticulosamente adaptados para abordar las caracter\u00edsticas distintivas de las instalaciones de producci\u00f3n, las din\u00e1micas naturales y clim\u00e1ticas, y los paisajes socioecon\u00f3micos en diversas naciones.<\/p>\n<p>Somos plenamente conscientes de la necesidad de equilibrar los objetivos estrat\u00e9gicos de desarrollo de nuestra empresa con la imperiosa necesidad de preservaci\u00f3n ambiental, ya sea durante las inspecciones realizadas en tierra o en el mar, utilizando nuestro equipo.<\/p>\n<p><strong>El uso de nuestras tecnolog\u00edas y equipos permite la detecci\u00f3n de fugas inesperadas de metano y reduce significativamente la probabilidad de fugas de hidrocarburos l\u00edquidos, \u00a1reduciendo eficazmente sus riesgos a casi cero!<\/strong><\/p>\n<p><strong>Director General de GENIN DMCC \u2013 Rabadangadzhi Aliev<\/strong><\/div><\/div><\/div><div class=\"ult-spacer spacer-69e16f7c18153\" data-id=\"69e16f7c18153\" data-height=\"50\" data-height-mobile=\"50\" data-height-tab=\"50\" data-height-tab-portrait=\"\" data-height-mobile-landscape=\"\" style=\"clear:both;display:block;\"><\/div>[\/vc_column][\/vc_row][\/vc_section]<\/p>\n<\/div>","protected":false},"excerpt":{"rendered":"<p>[vc_section][vc_row full_height=\u00bbyes\u00bb awb_type=\u00bbimage\u00bb awb_stretch=\u00bb1&#8243; awb_image_size=\u00bbarquito-1920x1080_crop\u00bb awb_image_background_position=\u00bb50% 50%\u00bb awb_color=\u00bbrgba(0,0,0,0.45)\u00bb awb_parallax=\u00bbscroll\u00bb awb_parallax_speed=\u00bb0.8&#8243; awb_image=\u00bb1358&#8243;][vc_column][\/vc_column][vc_column width=\u00bb5\/6&#8243;][\/vc_column][vc_column width=\u00bb1\/6&#8243;][\/vc_column][\/vc_row][\/vc_section][vc_section][vc_row][vc_column][\/vc_column][\/vc_row][\/vc_section]<\/p>\n","protected":false},"author":1,"featured_media":2133,"parent":0,"menu_order":16,"comment_status":"closed","ping_status":"closed","template":"template-custom-page.php","meta":{"_vp_format_video_url":"","_vp_image_focal_point":[],"footnotes":""},"class_list":["post-2476","page","type-page","status-publish","has-post-thumbnail","hentry"],"acf":[],"_links":{"self":[{"href":"https:\/\/www.genindmcc.com\/es\/wp-json\/wp\/v2\/pages\/2476","targetHints":{"allow":["GET"]}}],"collection":[{"href":"https:\/\/www.genindmcc.com\/es\/wp-json\/wp\/v2\/pages"}],"about":[{"href":"https:\/\/www.genindmcc.com\/es\/wp-json\/wp\/v2\/types\/page"}],"author":[{"embeddable":true,"href":"https:\/\/www.genindmcc.com\/es\/wp-json\/wp\/v2\/users\/1"}],"replies":[{"embeddable":true,"href":"https:\/\/www.genindmcc.com\/es\/wp-json\/wp\/v2\/comments?post=2476"}],"version-history":[{"count":5,"href":"https:\/\/www.genindmcc.com\/es\/wp-json\/wp\/v2\/pages\/2476\/revisions"}],"predecessor-version":[{"id":2551,"href":"https:\/\/www.genindmcc.com\/es\/wp-json\/wp\/v2\/pages\/2476\/revisions\/2551"}],"wp:featuredmedia":[{"embeddable":true,"href":"https:\/\/www.genindmcc.com\/es\/wp-json\/wp\/v2\/media\/2133"}],"wp:attachment":[{"href":"https:\/\/www.genindmcc.com\/es\/wp-json\/wp\/v2\/media?parent=2476"}],"curies":[{"name":"wp","href":"https:\/\/api.w.org\/{rel}","templated":true}]}}