{"id":2465,"date":"2019-05-24T13:40:09","date_gmt":"2019-05-24T10:40:09","guid":{"rendered":"https:\/\/www.genindmcc.com\/acerca-de-nosotros\/"},"modified":"2024-09-23T11:22:37","modified_gmt":"2024-09-23T08:22:37","slug":"acerca-de-nosotros","status":"publish","type":"page","link":"https:\/\/www.genindmcc.com\/es\/acerca-de-nosotros\/","title":{"rendered":"Acerca de Nosotros"},"content":{"rendered":"<div class=\"wpb-content-wrapper\"><p>[vc_section][vc_row full_width=\u00bbstretch_row_content_no_spaces\u00bb][vc_column]<div class=\"vlthemes_custom_69e16f8b76383   vlt-page-title-hero vlt-page-title-hero--style-1 jarallax\"><div class=\"vlt-page-title-hero__overlay\"><\/div><img loading=\"lazy\" decoding=\"async\" width=\"1000\" height=\"500\" src=\"https:\/\/www.genindmcc.com\/wp-content\/uploads\/2024\/08\/about-us2.jpg\" class=\"jarallax-img\" alt=\"\" srcset=\"https:\/\/www.genindmcc.com\/wp-content\/uploads\/2024\/08\/about-us2.jpg 1000w, https:\/\/www.genindmcc.com\/wp-content\/uploads\/2024\/08\/about-us2-300x150.jpg 300w, https:\/\/www.genindmcc.com\/wp-content\/uploads\/2024\/08\/about-us2-768x384.jpg 768w, https:\/\/www.genindmcc.com\/wp-content\/uploads\/2024\/08\/about-us2-500x250.jpg 500w, https:\/\/www.genindmcc.com\/wp-content\/uploads\/2024\/08\/about-us2-800x400.jpg 800w\" \/><div class=\"vlt-page-title-hero__content vlt-blur-content-on-scroll min-vh-100 d-flex align-items-center\"><div class=\"container\"><div class=\"vlthemes_custom_69e16f8b76ab6   vlt-animation-block\" data-aos=\"fade\" data-aos-delay=\"0\"><div id=\"ultimate-heading-586169e16f8b76b6c\" class=\"uvc-heading ult-adjust-bottom-margin ultimate-heading-586169e16f8b76b6c uvc-9770 text-uppercase\" data-hspacer=\"no_spacer\"  data-halign=\"left\" style=\"text-align:left\"><div class=\"uvc-heading-spacer no_spacer\" style=\"top\"><\/div><div class=\"uvc-main-heading ult-responsive\"  data-ultimate-target='.uvc-heading.ultimate-heading-586169e16f8b76b6c span'  data-responsive-json-new='{\"font-size\":\"desktop:24px;\",\"line-height\":\"\"}' ><span style=\"font-weight:normal;color:#ffffff;\">Nuestra Historia<\/span><\/div><\/div><\/div><div class=\"ult-spacer spacer-69e16f8b76bd3\" data-id=\"69e16f8b76bd3\" data-height=\"30\" data-height-mobile=\"30\" data-height-tab=\"30\" data-height-tab-portrait=\"\" data-height-mobile-landscape=\"\" style=\"clear:both;display:block;\"><\/div><div class=\"vlthemes_custom_69e16f8b76c0a   vlt-animation-block\" data-aos=\"fade\" data-aos-delay=\"100\"><div id=\"ultimate-heading-862269e16f8b76c95\" class=\"uvc-heading ult-adjust-bottom-margin ultimate-heading-862269e16f8b76c95 uvc-6742 vlt-custom--3515\" data-hspacer=\"no_spacer\"  data-halign=\"left\" style=\"text-align:left\"><div class=\"uvc-heading-spacer no_spacer\" style=\"top\"><\/div><div class=\"uvc-main-heading ult-responsive\"  data-ultimate-target='.uvc-heading.ultimate-heading-862269e16f8b76c95 h1'  data-responsive-json-new='{\"font-size\":\"desktop:160px;tablet:120px;mobile_landscape:85px;mobile:70px;\",\"line-height\":\"desktop:120px;tablet:90px;mobile_landscape:64px;mobile:61px;\"}' ><h1 style=\"font-family:&#039;Teko&#039;;font-weight:normal;color:#ffffff;\">Acerca de Nosotros<\/h1><\/div><div class=\"uvc-sub-heading ult-responsive\"  data-ultimate-target='.uvc-heading.ultimate-heading-862269e16f8b76c95 .uvc-sub-heading '  data-responsive-json-new='{\"font-size\":\"desktop:20px;tablet:16px;\",\"line-height\":\"desktop:32px;tablet:26px;\"}'  style=\"font-weight:normal;color:#ffffff;margin-top:50px;\"><strong>GENIN DMCC<\/strong> offers a broad spectrum of advanced Non-Destructive Testing services, combining time-tested methodologies with the latest innovations in comprehensive diagnostics.<\/div><\/div><\/div><\/div><\/div><\/div>[\/vc_column][\/vc_row][\/vc_section][vc_section][vc_row][vc_column]<div class=\"ult-spacer spacer-69e16f8b76d35\" data-id=\"69e16f8b76d35\" data-height=\"130\" data-height-mobile=\"130\" data-height-tab=\"130\" data-height-tab-portrait=\"\" data-height-mobile-landscape=\"\" style=\"clear:both;display:block;\"><\/div>[\/vc_column][vc_column offset=\u00bbvc_col-lg-4 vc_col-md-5&#8243;]<div class=\"vlthemes_custom_69e16f8b76d69   vlt-animation-block\" data-aos=\"fade\" data-aos-delay=\"0\"><div class=\"vlthemes_custom_69e16f8b76dd8   vlt-counter-up-card vlt-counter-up-card--style-2\" data-value=\"25\" style=\"background-image: url(https:\/\/www.genindmcc.com\/wp-content\/uploads\/2019\/05\/dot.jpg);\"><h5 class=\"has-secondary-font\">M\u00c1S DE<\/h5><span class=\"has-secondary-font js-counter\">0<\/span><p>A\u00d1OS DE PDT EN<br \/>\nPETR\u00d3LEO Y GAS<\/p><\/div><\/div><div class=\"ult-spacer spacer-69e16f8b77603\" data-id=\"69e16f8b77603\" data-height=\"\" data-height-mobile=\"\" data-height-tab=\"70\" data-height-tab-portrait=\"\" data-height-mobile-landscape=\"\" style=\"clear:both;display:block;\"><\/div>[\/vc_column][vc_column offset=\u00bbvc_col-lg-offset-2 vc_col-lg-5 vc_col-md-offset-1 vc_col-md-4&#8243;]<div class=\"vlthemes_custom_69e16f8b77642   vlt-animation-block\" data-aos=\"fade\" data-aos-delay=\"100\"><div id=\"ultimate-heading-399769e16f8b776e0\" class=\"uvc-heading ult-adjust-bottom-margin ultimate-heading-399769e16f8b776e0 uvc-110 vlt-custom--3515\" data-hspacer=\"no_spacer\"  data-halign=\"left\" style=\"text-align:left\"><div class=\"uvc-heading-spacer no_spacer\" style=\"top\"><\/div><div class=\"uvc-main-heading ult-responsive\"  data-ultimate-target='.uvc-heading.ultimate-heading-399769e16f8b776e0 h1'  data-responsive-json-new='{\"font-size\":\"desktop:110px;tablet:120px;mobile_landscape:85px;mobile:70px;\",\"line-height\":\"desktop:120px;tablet:90px;mobile_landscape:64px;mobile:61px;\"}' ><h1 style=\"font-family:&#039;Teko&#039;;font-weight:normal;color:#0a0a0a;\">Acerca de Nosotros<\/h1><\/div><div class=\"uvc-sub-heading ult-responsive\"  data-ultimate-target='.uvc-heading.ultimate-heading-399769e16f8b776e0 .uvc-sub-heading '  data-responsive-json-new='{\"font-size\":\"desktop:20px;tablet:16px;\",\"line-height\":\"desktop:32px;tablet:26px;\"}'  style=\"font-weight:normal;color:#000000;margin-top:50px;\">Nuestra especializaci\u00f3n incluye la realizaci\u00f3n de actividades de inspecci\u00f3n tanto en sitios terrestres como en alta mar, con un enfoque en la industria del petr\u00f3leo y gas y otros sectores clave.<\/p>\n<p>&nbsp;<\/p>\n<p><strong>GENIN DMCC se especializa en proporcionar Servicios de Diagn\u00f3stico Complejo, NDT Avanzado y inspecci\u00f3n PDT propia, con el objetivo de maximizar la eficiencia en nuestros desarrollos.<\/strong><\/div><\/div><\/div><div class=\"ult-spacer spacer-69e16f8b7776c\" data-id=\"69e16f8b7776c\" data-height=\"45\" data-height-mobile=\"45\" data-height-tab=\"45\" data-height-tab-portrait=\"\" data-height-mobile-landscape=\"\" style=\"clear:both;display:block;\"><\/div>[\/vc_column][\/vc_row][vc_row][vc_column width=\u00bb1\/3&#8243;]<div class=\"vlthemes_custom_69e16f8b777a4   vlt-animation-block\" data-aos=\"fade\" data-aos-delay=\"0\"><div id=\"ultimate-heading-148569e16f8b7784d\" class=\"uvc-heading ult-adjust-bottom-margin ultimate-heading-148569e16f8b7784d uvc-3487 vlt-custom--3515\" data-hspacer=\"no_spacer\"  data-halign=\"left\" style=\"text-align:left\"><div class=\"uvc-heading-spacer no_spacer\" style=\"top\"><\/div><div class=\"uvc-sub-heading ult-responsive\"  data-ultimate-target='.uvc-heading.ultimate-heading-148569e16f8b7784d .uvc-sub-heading '  data-responsive-json-new='{\"font-size\":\"desktop:20px;tablet:16px;\",\"line-height\":\"desktop:32px;tablet:26px;\"}'  style=\"font-weight:normal;color:#000000;margin-top:50px;\"><\/p>\n<h5><strong>\u00bfC\u00d3MO LO ESTAMOS HACIENDO Y C\u00d3MO EST\u00c1N NUESTROS CLIENTES?<\/strong><\/h5>\n<p>Somos una empresa comprometida con la innovaci\u00f3n y el crecimiento. Nuestro objetivo es cumplir con los m\u00e1s altos est\u00e1ndares y las demandas de nuestros clientes en el campo de las pruebas no destructivas, lo que ayudar\u00e1 a nuestros clientes a lograr resultados m\u00e1s eficientes y seguros.<\/div><\/div><div class=\"ult-spacer spacer-69e16f8b7789a\" data-id=\"69e16f8b7789a\" data-height=\"\" data-height-mobile=\"\" data-height-tab=\"30\" data-height-tab-portrait=\"\" data-height-mobile-landscape=\"\" style=\"clear:both;display:block;\"><\/div><\/div>[\/vc_column][vc_column width=\u00bb1\/3&#8243;]<div class=\"vlthemes_custom_69e16f8b778d2   vlt-animation-block\" data-aos=\"fade\" data-aos-delay=\"100\">[vc_single_image image=\u00bb1188&#8243; img_size=\u00bbfull\u00bb]<div class=\"ult-spacer spacer-69e16f8b77935\" data-id=\"69e16f8b77935\" data-height=\"\" data-height-mobile=\"\" data-height-tab=\"30\" data-height-tab-portrait=\"\" data-height-mobile-landscape=\"\" style=\"clear:both;display:block;\"><\/div><\/div>[\/vc_column][vc_column width=\u00bb1\/3&#8243;]<div class=\"vlthemes_custom_69e16f8b77972   vlt-animation-block\" data-aos=\"fade\" data-aos-delay=\"0\"><div id=\"ultimate-heading-258169e16f8b779e4\" class=\"uvc-heading ult-adjust-bottom-margin ultimate-heading-258169e16f8b779e4 uvc-3559 vlt-custom--3515\" data-hspacer=\"no_spacer\"  data-halign=\"left\" style=\"text-align:left\"><div class=\"uvc-heading-spacer no_spacer\" style=\"top\"><\/div><div class=\"uvc-sub-heading ult-responsive\"  data-ultimate-target='.uvc-heading.ultimate-heading-258169e16f8b779e4 .uvc-sub-heading '  data-responsive-json-new='{\"font-size\":\"desktop:20px;tablet:16px;\",\"line-height\":\"desktop:32px;tablet:26px;\"}'  style=\"font-weight:normal;color:#000000;margin-top:50px;\"><\/p>\n<h5><strong>PDT YA HA SIDO SELECCIONADO EN ESTOS PA\u00cdSES<\/strong><\/h5>\n<p>Algeria, Angola, Australia, Azerbaijan, Brasil, Brunei, Cameroon, China, Colombia, India, Indonesia, Iraq, Italy, Malaysia, Nigeria, Portugal, Qatar, Saudi Arabia, Spain, Turkmenistan, UAE, Vietnam, Ghana, Trinidad and Tobago.<\/div><\/div><div class=\"ult-spacer spacer-69e16f8b77a2c\" data-id=\"69e16f8b77a2c\" data-height=\"\" data-height-mobile=\"\" data-height-tab=\"30\" data-height-tab-portrait=\"\" data-height-mobile-landscape=\"\" style=\"clear:both;display:block;\"><\/div><\/div>[\/vc_column][\/vc_row][\/vc_section][vc_row][vc_column]<div class=\"vlthemes_custom_69e16f8b77a6c   vlt-animation-block\" data-aos=\"fade\" data-aos-delay=\"0\"><div id=\"ultimate-heading-115669e16f8b77aee\" class=\"uvc-heading ult-adjust-bottom-margin ultimate-heading-115669e16f8b77aee uvc-1245 vlt-custom--3515\" data-hspacer=\"no_spacer\"  data-halign=\"left\" style=\"text-align:left\"><div class=\"uvc-heading-spacer no_spacer\" style=\"top\"><\/div><div class=\"uvc-sub-heading ult-responsive\"  data-ultimate-target='.uvc-heading.ultimate-heading-115669e16f8b77aee .uvc-sub-heading '  data-responsive-json-new='{\"font-size\":\"desktop:20px;tablet:16px;\",\"line-height\":\"desktop:32px;tablet:26px;\"}'  style=\"font-weight:normal;color:#000000;margin-top:50px;\"><\/p>\n<h4 style=\"text-align: center;\">ESTAS EMPRESAS ELIGEN PDT<\/h4>\n<p><\/div><\/div><div class=\"ult-spacer spacer-69e16f8b77b37\" data-id=\"69e16f8b77b37\" data-height=\"\" data-height-mobile=\"\" data-height-tab=\"30\" data-height-tab-portrait=\"\" data-height-mobile-landscape=\"\" style=\"clear:both;display:block;\"><\/div><\/div>[\/vc_column][\/vc_row][vc_row][vc_column width=\u00bb1\/4&#8243;][vc_single_image image=\u00bb1705&#8243; img_size=\u00bbfull\u00bb alignment=\u00bbcenter\u00bb css_animation=\u00bbfadeIn\u00bb]<div class=\"ult-spacer spacer-69e16f8b77b8b\" data-id=\"69e16f8b77b8b\" data-height=\"\" data-height-mobile=\"\" data-height-tab=\"15\" data-height-tab-portrait=\"\" data-height-mobile-landscape=\"\" style=\"clear:both;display:block;\"><\/div>[vc_single_image image=\u00bb1708&#8243; img_size=\u00bbfull\u00bb alignment=\u00bbcenter\u00bb css_animation=\u00bbfadeIn\u00bb]<div class=\"ult-spacer spacer-69e16f8b77bc3\" data-id=\"69e16f8b77bc3\" data-height=\"\" data-height-mobile=\"\" data-height-tab=\"15\" data-height-tab-portrait=\"\" data-height-mobile-landscape=\"\" style=\"clear:both;display:block;\"><\/div>[vc_single_image image=\u00bb1707&#8243; img_size=\u00bbfull\u00bb alignment=\u00bbcenter\u00bb css_animation=\u00bbfadeIn\u00bb][\/vc_column][vc_column width=\u00bb1\/4&#8243;][vc_single_image image=\u00bb1703&#8243; img_size=\u00bbfull\u00bb alignment=\u00bbcenter\u00bb css_animation=\u00bbfadeIn\u00bb]<div class=\"ult-spacer spacer-69e16f8b77bf8\" data-id=\"69e16f8b77bf8\" data-height=\"\" data-height-mobile=\"\" data-height-tab=\"15\" data-height-tab-portrait=\"\" data-height-mobile-landscape=\"\" style=\"clear:both;display:block;\"><\/div>[vc_single_image image=\u00bb1709&#8243; img_size=\u00bbfull\u00bb alignment=\u00bbcenter\u00bb css_animation=\u00bbfadeIn\u00bb]<div class=\"ult-spacer spacer-69e16f8b77c45\" data-id=\"69e16f8b77c45\" data-height=\"\" data-height-mobile=\"\" data-height-tab=\"15\" data-height-tab-portrait=\"\" data-height-mobile-landscape=\"\" style=\"clear:both;display:block;\"><\/div>[vc_single_image image=\u00bb1700&#8243; img_size=\u00bbfull\u00bb alignment=\u00bbcenter\u00bb css_animation=\u00bbfadeIn\u00bb][\/vc_column][vc_column width=\u00bb1\/4&#8243;][vc_single_image image=\u00bb1701&#8243; img_size=\u00bbfull\u00bb alignment=\u00bbcenter\u00bb css_animation=\u00bbfadeIn\u00bb]<div class=\"ult-spacer spacer-69e16f8b77c7f\" data-id=\"69e16f8b77c7f\" data-height=\"\" data-height-mobile=\"\" data-height-tab=\"15\" data-height-tab-portrait=\"\" data-height-mobile-landscape=\"\" style=\"clear:both;display:block;\"><\/div>[vc_single_image image=\u00bb1706&#8243; img_size=\u00bbfull\u00bb alignment=\u00bbcenter\u00bb css_animation=\u00bbfadeIn\u00bb]<div class=\"ult-spacer spacer-69e16f8b77cb0\" data-id=\"69e16f8b77cb0\" data-height=\"\" data-height-mobile=\"\" data-height-tab=\"15\" data-height-tab-portrait=\"\" data-height-mobile-landscape=\"\" style=\"clear:both;display:block;\"><\/div>[vc_single_image image=\u00bb1702&#8243; img_size=\u00bbfull\u00bb alignment=\u00bbcenter\u00bb css_animation=\u00bbfadeIn\u00bb][\/vc_column][vc_column width=\u00bb1\/4&#8243;][vc_single_image image=\u00bb1698&#8243; img_size=\u00bbfull\u00bb alignment=\u00bbcenter\u00bb css_animation=\u00bbfadeIn\u00bb]<div class=\"ult-spacer spacer-69e16f8b77cec\" data-id=\"69e16f8b77cec\" data-height=\"\" data-height-mobile=\"\" data-height-tab=\"15\" data-height-tab-portrait=\"\" data-height-mobile-landscape=\"\" style=\"clear:both;display:block;\"><\/div>[vc_single_image image=\u00bb1704&#8243; img_size=\u00bbfull\u00bb alignment=\u00bbcenter\u00bb css_animation=\u00bbfadeIn\u00bb]<div class=\"ult-spacer spacer-69e16f8b77d1c\" data-id=\"69e16f8b77d1c\" data-height=\"\" data-height-mobile=\"\" data-height-tab=\"15\" data-height-tab-portrait=\"\" data-height-mobile-landscape=\"\" style=\"clear:both;display:block;\"><\/div>[vc_single_image image=\u00bb1699&#8243; img_size=\u00bbfull\u00bb alignment=\u00bbcenter\u00bb css_animation=\u00bbfadeIn\u00bb][\/vc_column][\/vc_row]<\/p>\n<\/div>","protected":false},"excerpt":{"rendered":"<p>[vc_section][vc_row full_width=\u00bbstretch_row_content_no_spaces\u00bb][vc_column][\/vc_column][\/vc_row][\/vc_section][vc_section][vc_row][vc_column][\/vc_column][vc_column offset=\u00bbvc_col-lg-4 vc_col-md-5&#8243;][\/vc_column][vc_column offset=\u00bbvc_col-lg-offset-2 vc_col-lg-5 vc_col-md-offset-1 vc_col-md-4&#8243;][\/vc_column][\/vc_row][vc_row][vc_column width=\u00bb1\/3&#8243;][\/vc_column][vc_column width=\u00bb1\/3&#8243;][\/vc_column][vc_column width=\u00bb1\/3&#8243;][\/vc_column][\/vc_row][\/vc_section][vc_row][vc_column][\/vc_column][\/vc_row][vc_row][vc_column width=\u00bb1\/4&#8243;][vc_single_image image=\u00bb1705&#8243; img_size=\u00bbfull\u00bb alignment=\u00bbcenter\u00bb css_animation=\u00bbfadeIn\u00bb][vc_single_image image=\u00bb1708&#8243; img_size=\u00bbfull\u00bb alignment=\u00bbcenter\u00bb css_animation=\u00bbfadeIn\u00bb][vc_single_image image=\u00bb1707&#8243; img_size=\u00bbfull\u00bb alignment=\u00bbcenter\u00bb css_animation=\u00bbfadeIn\u00bb][\/vc_column][vc_column width=\u00bb1\/4&#8243;][vc_single_image image=\u00bb1703&#8243; img_size=\u00bbfull\u00bb alignment=\u00bbcenter\u00bb css_animation=\u00bbfadeIn\u00bb][vc_single_image image=\u00bb1709&#8243; img_size=\u00bbfull\u00bb alignment=\u00bbcenter\u00bb css_animation=\u00bbfadeIn\u00bb][vc_single_image image=\u00bb1700&#8243; img_size=\u00bbfull\u00bb alignment=\u00bbcenter\u00bb css_animation=\u00bbfadeIn\u00bb][\/vc_column][vc_column width=\u00bb1\/4&#8243;][vc_single_image image=\u00bb1701&#8243; img_size=\u00bbfull\u00bb alignment=\u00bbcenter\u00bb css_animation=\u00bbfadeIn\u00bb][vc_single_image image=\u00bb1706&#8243; img_size=\u00bbfull\u00bb alignment=\u00bbcenter\u00bb css_animation=\u00bbfadeIn\u00bb][vc_single_image image=\u00bb1702&#8243; img_size=\u00bbfull\u00bb alignment=\u00bbcenter\u00bb css_animation=\u00bbfadeIn\u00bb][\/vc_column][vc_column width=\u00bb1\/4&#8243;][vc_single_image image=\u00bb1698&#8243; img_size=\u00bbfull\u00bb alignment=\u00bbcenter\u00bb css_animation=\u00bbfadeIn\u00bb][vc_single_image [&hellip;]<\/p>\n","protected":false},"author":1,"featured_media":2126,"parent":0,"menu_order":14,"comment_status":"closed","ping_status":"closed","template":"template-custom-page.php","meta":{"_vp_format_video_url":"","_vp_image_focal_point":[],"footnotes":""},"class_list":["post-2465","page","type-page","status-publish","has-post-thumbnail","hentry"],"acf":[],"_links":{"self":[{"href":"https:\/\/www.genindmcc.com\/es\/wp-json\/wp\/v2\/pages\/2465","targetHints":{"allow":["GET"]}}],"collection":[{"href":"https:\/\/www.genindmcc.com\/es\/wp-json\/wp\/v2\/pages"}],"about":[{"href":"https:\/\/www.genindmcc.com\/es\/wp-json\/wp\/v2\/types\/page"}],"author":[{"embeddable":true,"href":"https:\/\/www.genindmcc.com\/es\/wp-json\/wp\/v2\/users\/1"}],"replies":[{"embeddable":true,"href":"https:\/\/www.genindmcc.com\/es\/wp-json\/wp\/v2\/comments?post=2465"}],"version-history":[{"count":11,"href":"https:\/\/www.genindmcc.com\/es\/wp-json\/wp\/v2\/pages\/2465\/revisions"}],"predecessor-version":[{"id":2550,"href":"https:\/\/www.genindmcc.com\/es\/wp-json\/wp\/v2\/pages\/2465\/revisions\/2550"}],"wp:featuredmedia":[{"embeddable":true,"href":"https:\/\/www.genindmcc.com\/es\/wp-json\/wp\/v2\/media\/2126"}],"wp:attachment":[{"href":"https:\/\/www.genindmcc.com\/es\/wp-json\/wp\/v2\/media?parent=2465"}],"curies":[{"name":"wp","href":"https:\/\/api.w.org\/{rel}","templated":true}]}}