{"id":2456,"date":"2024-07-12T19:44:53","date_gmt":"2024-07-12T16:44:53","guid":{"rendered":"https:\/\/www.genindmcc.com\/servicios-de-inspeccion-de-tuberias-piggables\/servicios-de-inspeccion-en-linea-ili\/"},"modified":"2024-09-22T23:36:53","modified_gmt":"2024-09-22T20:36:53","slug":"servicios-de-inspeccion-en-linea-ili","status":"publish","type":"page","link":"https:\/\/www.genindmcc.com\/es\/servicios\/servicios-de-inspeccion-de-tuberias-piggables\/servicios-de-inspeccion-en-linea-ili\/","title":{"rendered":"Servicios de Inspecci\u00f3n en L\u00ednea (ILI)"},"content":{"rendered":"<div class=\"wpb-content-wrapper\"><p>[vc_section][vc_row full_width=\u00bbstretch_row_content_no_spaces\u00bb][vc_column]<div class=\"vlthemes_custom_69e16dce53319   vc_custom_1723131839733 vlt-page-title-empty jarallax\"><img loading=\"lazy\" decoding=\"async\" width=\"1914\" height=\"704\" src=\"https:\/\/www.genindmcc.com\/wp-content\/uploads\/2024\/08\/inline.png\" class=\"jarallax-img\" alt=\"\" srcset=\"https:\/\/www.genindmcc.com\/wp-content\/uploads\/2024\/08\/inline.png 1914w, https:\/\/www.genindmcc.com\/wp-content\/uploads\/2024\/08\/inline-300x110.png 300w, https:\/\/www.genindmcc.com\/wp-content\/uploads\/2024\/08\/inline-1024x377.png 1024w, https:\/\/www.genindmcc.com\/wp-content\/uploads\/2024\/08\/inline-768x282.png 768w, https:\/\/www.genindmcc.com\/wp-content\/uploads\/2024\/08\/inline-1536x565.png 1536w, https:\/\/www.genindmcc.com\/wp-content\/uploads\/2024\/08\/inline-500x184.png 500w, https:\/\/www.genindmcc.com\/wp-content\/uploads\/2024\/08\/inline-800x294.png 800w, https:\/\/www.genindmcc.com\/wp-content\/uploads\/2024\/08\/inline-1280x471.png 1280w\" \/><\/div>[\/vc_column][\/vc_row][\/vc_section][vc_section][vc_row][vc_column]<div class=\"ult-spacer spacer-69e16dce56438\" data-id=\"69e16dce56438\" data-height=\"70\" data-height-mobile=\"70\" data-height-tab=\"70\" data-height-tab-portrait=\"\" data-height-mobile-landscape=\"\" style=\"clear:both;display:block;\"><\/div><div class=\"vlthemes_custom_69e16dce5647b   vlt-animation-block\" data-aos=\"fade\" data-aos-delay=\"100\"><div class=\"vlthemes_custom_69e16dce5654b vlt-custom--1144  vlt-section-title\"><h1>SERVICIOS DE INSPECCI\u00d3N EN L\u00cdNEA (ILI)<\/h1><p>Junto con nuestro estimado socio, nos enorgullece ofrecer un historial completo y altamente exitoso en servicios de Inspecci\u00f3n en L\u00ednea (ILI), cumpliendo consistentemente con las rigurosas demandas y altos est\u00e1ndares de la industria de oleoductos contempor\u00e1nea:<\/p><\/div><\/div>[\/vc_column][vc_column]<div class=\"ult-spacer spacer-69e16dce5660b\" data-id=\"69e16dce5660b\" data-height=\"110\" data-height-mobile=\"110\" data-height-tab=\"110\" data-height-tab-portrait=\"\" data-height-mobile-landscape=\"\" style=\"clear:both;display:block;\"><\/div>[\/vc_column][vc_column width=\u00bb1\/3&#8243;]<div class=\"vlthemes_custom_69e16dce56658   vlt-animation-block\" data-aos=\"fade\" data-aos-delay=\"0\"><div class=\"vlthemes_custom_69e16dce566ba   vlt-section-title\"><h3>Inspecci\u00f3n<\/h3><\/div><\/div><div class=\"ult-spacer spacer-69e16dce56719\" data-id=\"69e16dce56719\" data-height=\"\" data-height-mobile=\"\" data-height-tab=\"20\" data-height-tab-portrait=\"\" data-height-mobile-landscape=\"\" style=\"clear:both;display:block;\"><\/div>[\/vc_column][vc_column width=\u00bb2\/3&#8243;]<div class=\"vlthemes_custom_69e16dce56746   vlt-animation-block\" data-aos=\"fade\" data-aos-delay=\"100\">[vc_column_text css=\u00bb.vc_custom_1727035117527{margin-bottom: 0px !important;}\u00bb]Asegura una Probabilidad de Identificaci\u00f3n (POI) del 95% en las inspecciones de oleoductos.[\/vc_column_text]<\/div>[\/vc_column][vc_column]<div class=\"ult-spacer spacer-69e16dce56797\" data-id=\"69e16dce56797\" data-height=\"100\" data-height-mobile=\"100\" data-height-tab=\"100\" data-height-tab-portrait=\"\" data-height-mobile-landscape=\"\" style=\"clear:both;display:block;\"><\/div>[\/vc_column][vc_column width=\u00bb1\/3&#8243;]<div class=\"vlthemes_custom_69e16dce567c5   vlt-animation-block\" data-aos=\"fade\" data-aos-delay=\"0\"><div class=\"vlthemes_custom_69e16dce56810   vlt-section-title\"><h3>Innovaci\u00f3n<\/h3><\/div><\/div><div class=\"ult-spacer spacer-69e16dce56874\" data-id=\"69e16dce56874\" data-height=\"\" data-height-mobile=\"\" data-height-tab=\"20\" data-height-tab-portrait=\"\" data-height-mobile-landscape=\"\" style=\"clear:both;display:block;\"><\/div>[\/vc_column][vc_column width=\u00bb2\/3&#8243;]<div class=\"vlthemes_custom_69e16dce568d4   vlt-animation-block\" data-aos=\"fade\" data-aos-delay=\"100\">[vc_column_text css=\u00bb.vc_custom_1727035141064{margin-bottom: 0px !important;}\u00bb]<\/p>\n<p class=\"has-normal-font-size\">Lidera la innovaci\u00f3n con investigaci\u00f3n y desarrollo interno dedicado<\/p>\n<p>[\/vc_column_text]<\/div>[\/vc_column][vc_column]<div class=\"ult-spacer spacer-69e16dce56947\" data-id=\"69e16dce56947\" data-height=\"100\" data-height-mobile=\"100\" data-height-tab=\"100\" data-height-tab-portrait=\"\" data-height-mobile-landscape=\"\" style=\"clear:both;display:block;\"><\/div>[\/vc_column][vc_column width=\u00bb1\/3&#8243;]<div class=\"vlthemes_custom_69e16dce56987   vlt-animation-block\" data-aos=\"fade\" data-aos-delay=\"0\"><div class=\"vlthemes_custom_69e16dce569dd   vlt-section-title\"><h3>Integridad<\/h3><\/div><\/div><div class=\"ult-spacer spacer-69e16dce56a3f\" data-id=\"69e16dce56a3f\" data-height=\"\" data-height-mobile=\"\" data-height-tab=\"20\" data-height-tab-portrait=\"\" data-height-mobile-landscape=\"\" style=\"clear:both;display:block;\"><\/div>[\/vc_column][vc_column width=\u00bb2\/3&#8243;]<div class=\"vlthemes_custom_69e16dce56a75   vlt-animation-block\" data-aos=\"fade\" data-aos-delay=\"100\">[vc_column_text css=\u00bb.vc_custom_1727035155360{margin-bottom: 0px !important;}\u00bb]<\/p>\n<p class=\"has-normal-font-size\">Garantiza la gesti\u00f3n efectiva de la integridad del oleoducto<\/p>\n<p>[\/vc_column_text]<\/div><div class=\"ult-spacer spacer-69e16dce56acd\" data-id=\"69e16dce56acd\" data-height=\"100\" data-height-mobile=\"100\" data-height-tab=\"100\" data-height-tab-portrait=\"\" data-height-mobile-landscape=\"\" style=\"clear:both;display:block;\"><\/div>[\/vc_column][\/vc_row][vc_row][vc_column]<div class=\"ult-spacer spacer-69e16dce56b11\" data-id=\"69e16dce56b11\" data-height=\"60\" data-height-mobile=\"60\" data-height-tab=\"60\" data-height-tab-portrait=\"\" data-height-mobile-landscape=\"\" style=\"clear:both;display:block;\"><\/div>[\/vc_column][\/vc_row][\/vc_section][vc_section][vc_row full_height=\u00bbyes\u00bb awb_type=\u00bbimage\u00bb awb_stretch=\u00bb1&#8243; awb_image_size=\u00bbarquito-1280x720_crop\u00bb awb_image_background_position=\u00bb50% 50%\u00bb awb_color=\u00bbrgba(0,0,0,0.45)\u00bb awb_parallax=\u00bbscroll\u00bb awb_parallax_speed=\u00bb0.8&#8243; awb_image=\u00bb1422&#8243;][vc_column]<div class=\"ult-spacer spacer-69e16dce56b52\" data-id=\"69e16dce56b52\" data-height=\"20\" data-height-mobile=\"20\" data-height-tab=\"20\" data-height-tab-portrait=\"\" data-height-mobile-landscape=\"\" style=\"clear:both;display:block;\"><\/div>[\/vc_column][vc_column width=\u00bb5\/6&#8243;]<div class=\"vlthemes_custom_69e16dce56b86   vlt-animation-block\" data-aos=\"fade\" data-aos-delay=\"0\"><div id=\"ultimate-heading-894769e16dce56c2e\" class=\"uvc-heading ult-adjust-bottom-margin ultimate-heading-894769e16dce56c2e uvc-4691 \" data-hspacer=\"no_spacer\"  data-halign=\"left\" style=\"text-align:left\"><div class=\"uvc-heading-spacer no_spacer\" style=\"top\"><\/div><div class=\"uvc-main-heading ult-responsive\"  data-ultimate-target='.uvc-heading.ultimate-heading-894769e16dce56c2e span'  data-responsive-json-new='{\"font-size\":\"desktop:24px;\",\"line-height\":\"\"}' ><span style=\"font-weight:normal;color:#ffffff;\">SERVICIOS DE INSPECCI\u00d3N DE OLEODUCTOS PIGABLES<\/span><\/div><\/div><\/div><div class=\"ult-spacer spacer-69e16dce56c9d\" data-id=\"69e16dce56c9d\" data-height=\"15\" data-height-mobile=\"15\" data-height-tab=\"15\" data-height-tab-portrait=\"\" data-height-mobile-landscape=\"\" style=\"clear:both;display:block;\"><\/div><div class=\"vlthemes_custom_69e16dce56cfa   vlt-animation-block\" data-aos=\"fade\" data-aos-delay=\"100\"><div id=\"ultimate-heading-646869e16dce56d7a\" class=\"uvc-heading ult-adjust-bottom-margin ultimate-heading-646869e16dce56d7a uvc-1821 vlt-custom--3515\" data-hspacer=\"no_spacer\"  data-halign=\"left\" style=\"text-align:left\"><div class=\"uvc-heading-spacer no_spacer\" style=\"top\"><\/div><div class=\"uvc-main-heading ult-responsive\"  data-ultimate-target='.uvc-heading.ultimate-heading-646869e16dce56d7a h1'  data-responsive-json-new='{\"font-size\":\"desktop:80px;tablet:120px;mobile_landscape:85px;mobile:70px;\",\"line-height\":\"desktop:120px;tablet:90px;mobile_landscape:64px;mobile:61px;\"}' ><h1 style=\"font-family:&#039;Teko&#039;;font-weight:normal;color:#ffffff;\">Ofrecemos servicios integrales de Inspecci\u00f3n en L\u00ednea tales como:<\/h1><\/div><\/div><\/div><div class=\"ult-spacer spacer-69e16dce56df8\" data-id=\"69e16dce56df8\" data-height=\"\" data-height-mobile=\"\" data-height-tab=\"20\" data-height-tab-portrait=\"\" data-height-mobile-landscape=\"\" style=\"clear:both;display:block;\"><\/div>[\/vc_column][vc_column width=\u00bb1\/6&#8243;]<div class=\"ult-spacer spacer-69e16dce56e3e\" data-id=\"69e16dce56e3e\" data-height=\"100\" data-height-mobile=\"0\" data-height-tab=\"0\" data-height-tab-portrait=\"0\" data-height-mobile-landscape=\"0\" style=\"clear:both;display:block;\"><\/div><div class=\"vlthemes_custom_69e16dce56e92   vlt-animation-block\" data-aos=\"fade\" data-aos-delay=\"200\">[vc_custom_heading text=\u00bb\u00bb font_container=\u00bbtag:div|font_size:20px|text_align:right|color:%23ffffff|line_height:1&#8243; use_theme_fonts=\u00bbyes\u00bb el_class=\u00bbtext-uppercase font-weight-semibold text-left text-xl-right\u00bb]<div class=\"ult-spacer spacer-69e16dce56eff\" data-id=\"69e16dce56eff\" data-height=\"10\" data-height-mobile=\"10\" data-height-tab=\"10\" data-height-tab-portrait=\"\" data-height-mobile-landscape=\"\" style=\"clear:both;display:block;\"><\/div>[vc_custom_heading text=\u00bb\u00bb font_container=\u00bbtag:div|font_size:40px|text_align:right|color:%23ffffff|line_height:1&#8243; use_theme_fonts=\u00bbyes\u00bb el_class=\u00bbfont-weight-medium text-left text-xl-right\u00bb]<\/div>[\/vc_column][\/vc_row][\/vc_section][vc_section][vc_row][vc_column]<div class=\"vlthemes_custom_69e16dce56f3c   vlt-animation-block\" data-aos=\"fade\" data-aos-delay=\"100\"><div class=\"ult-spacer spacer-69e16dce56fcb\" data-id=\"69e16dce56fcb\" data-height=\"100\" data-height-mobile=\"100\" data-height-tab=\"100\" data-height-tab-portrait=\"\" data-height-mobile-landscape=\"\" style=\"clear:both;display:block;\"><\/div><div id=\"ultimate-heading-631569e16dce5701e\" class=\"uvc-heading ult-adjust-bottom-margin ultimate-heading-631569e16dce5701e uvc-6039 vlt-custom--3515\" data-hspacer=\"no_spacer\"  data-halign=\"left\" style=\"text-align:left\"><div class=\"uvc-heading-spacer no_spacer\" style=\"top\"><\/div><div class=\"uvc-sub-heading ult-responsive\"  data-ultimate-target='.uvc-heading.ultimate-heading-631569e16dce5701e .uvc-sub-heading '  data-responsive-json-new='{\"font-size\":\"desktop:20px;tablet:16px;\",\"line-height\":\"desktop:32px;tablet:26px;\"}'  style=\"font-weight:normal;color:#000000;margin-top:50px;\"><strong>1-Preparaci\u00f3n del Oleoducto para la Inspecci\u00f3n:<\/strong><\/p>\n<p>Limpieza Preliminar: Eliminaci\u00f3n de dep\u00f3sitos, corrosi\u00f3n, parafina, suciedad y otras sustancias que puedan afectar la precisi\u00f3n del diagn\u00f3stico. Esto se logra utilizando dispositivos especiales de limpieza (raspadores o \u00abpigs\u00bb).<\/p>\n<p><strong>2-Perfilometr\u00eda:<\/strong><\/p>\n<p>Inspecci\u00f3n Geom\u00e9trica (Perfilometr\u00eda): Determinaci\u00f3n de la geometr\u00eda de la superficie interna del tubo e identificaci\u00f3n de defectos como abolladuras y protuberancias. Esto se puede hacer utilizando \u00abpigs\u00bb geom\u00e9tricos o de calibraci\u00f3n especiales.<\/p>\n<p><strong>3-Diagn\u00f3stico Principal:<\/strong><\/p>\n<p>Ventajas:<\/p>\n<ul>\n<li>Inspecci\u00f3n simple y econ\u00f3mica.<\/li>\n<li>Capacidad para medir el grosor de la pared del tubo y el recubrimiento de aislamiento protector, permitiendo el c\u00e1lculo de la resistencia residual y la vida \u00fatil segura de los oleoductos.<\/li>\n<li>Capacidad para detectar deslaminaciones dentro de la pared del oleoducto.<\/li>\n<\/ul>\n<p>Nota: La INSPECCI\u00d3N ULTRAS\u00d3NICA (UTIL) se realiza solo en medios de una sola fase (agua, queroseno). Inspecci\u00f3n Ultras\u00f3nica en L\u00ednea (UT ILI): Aplicada para detectar defectos en la pared del oleoducto, incluyendo corrosi\u00f3n, grietas, adelgazamiento localizado y otras anomal\u00edas.<\/p>\n<p>Magnetometr\u00eda de Flujo Magn\u00e9tico (MFL ILI): Evaluaci\u00f3n del estado de las paredes del tubo y detecci\u00f3n de defectos como p\u00e9rdidas de metal localizadas, anormalidades en juntas de soldadura transversales, parches y otros accesorios soldados externos, acanaladuras y otros puntos de inter\u00e9s (masa ferromagn\u00e9tica externa, anillo de respaldo, anormalidad del material del oleoducto).<\/p>\n<p>Ventajas:<\/p>\n<ul>\n<li>Bajo costo de inspecci\u00f3n al eliminar informaci\u00f3n diagn\u00f3stica excesiva.<\/li>\n<li>Proporciona informaci\u00f3n sobre la ubicaci\u00f3n de conexiones no autorizadas.<\/li>\n<\/ul>\n<p><\/div><\/div><\/div>[\/vc_column][\/vc_row][\/vc_section][vc_row][vc_column]<div class=\"ult-spacer spacer-69e16dce57075\" data-id=\"69e16dce57075\" data-height=\"100\" data-height-mobile=\"100\" data-height-tab=\"100\" data-height-tab-portrait=\"\" data-height-mobile-landscape=\"\" style=\"clear:both;display:block;\"><\/div><div class=\"vlthemes_custom_69e16dce570d5   vlt-animation-block\" data-aos=\"fade\" data-aos-delay=\"300\">[vc_column_text css=\u00bb.vc_custom_1727035249834{margin-bottom: 0px !important;}\u00bb]<a class=\"vlt-simple-link vlt-simple-link--style-3\" href=\"https:\/\/www.genindmcc.com\/es\/contacte-nos\/\">\u00a1Vamos a trabajar juntos!<\/a>[\/vc_column_text]<\/div><div class=\"ult-spacer spacer-69e16dce57128\" data-id=\"69e16dce57128\" data-height=\"100\" data-height-mobile=\"100\" data-height-tab=\"100\" data-height-tab-portrait=\"\" data-height-mobile-landscape=\"\" style=\"clear:both;display:block;\"><\/div>[\/vc_column][\/vc_row]<\/p>\n<\/div>","protected":false},"excerpt":{"rendered":"<p>[vc_section][vc_row full_width=\u00bbstretch_row_content_no_spaces\u00bb][vc_column][\/vc_column][\/vc_row][\/vc_section][vc_section][vc_row][vc_column][\/vc_column][vc_column][\/vc_column][vc_column width=\u00bb1\/3&#8243;][\/vc_column][vc_column width=\u00bb2\/3&#8243;][\/vc_column][vc_column][\/vc_column][vc_column width=\u00bb1\/3&#8243;][\/vc_column][vc_column width=\u00bb2\/3&#8243;][\/vc_column][vc_column][\/vc_column][vc_column width=\u00bb1\/3&#8243;][\/vc_column][vc_column width=\u00bb2\/3&#8243;][\/vc_column][\/vc_row][vc_row][vc_column][\/vc_column][\/vc_row][\/vc_section][vc_section][vc_row full_height=\u00bbyes\u00bb awb_type=\u00bbimage\u00bb awb_stretch=\u00bb1&#8243; awb_image_size=\u00bbarquito-1280x720_crop\u00bb awb_image_background_position=\u00bb50% 50%\u00bb awb_color=\u00bbrgba(0,0,0,0.45)\u00bb awb_parallax=\u00bbscroll\u00bb awb_parallax_speed=\u00bb0.8&#8243; awb_image=\u00bb1422&#8243;][vc_column][\/vc_column][vc_column width=\u00bb5\/6&#8243;][\/vc_column][vc_column width=\u00bb1\/6&#8243;][\/vc_column][\/vc_row][\/vc_section][vc_section][vc_row][vc_column][\/vc_column][\/vc_row][\/vc_section][vc_row][vc_column][\/vc_column][\/vc_row]<\/p>\n","protected":false},"author":1,"featured_media":2131,"parent":2450,"menu_order":16,"comment_status":"closed","ping_status":"closed","template":"template-custom-page.php","meta":{"_vp_format_video_url":"","_vp_image_focal_point":[],"footnotes":""},"class_list":["post-2456","page","type-page","status-publish","has-post-thumbnail","hentry"],"acf":[],"_links":{"self":[{"href":"https:\/\/www.genindmcc.com\/es\/wp-json\/wp\/v2\/pages\/2456","targetHints":{"allow":["GET"]}}],"collection":[{"href":"https:\/\/www.genindmcc.com\/es\/wp-json\/wp\/v2\/pages"}],"about":[{"href":"https:\/\/www.genindmcc.com\/es\/wp-json\/wp\/v2\/types\/page"}],"author":[{"embeddable":true,"href":"https:\/\/www.genindmcc.com\/es\/wp-json\/wp\/v2\/users\/1"}],"replies":[{"embeddable":true,"href":"https:\/\/www.genindmcc.com\/es\/wp-json\/wp\/v2\/comments?post=2456"}],"version-history":[{"count":5,"href":"https:\/\/www.genindmcc.com\/es\/wp-json\/wp\/v2\/pages\/2456\/revisions"}],"predecessor-version":[{"id":2461,"href":"https:\/\/www.genindmcc.com\/es\/wp-json\/wp\/v2\/pages\/2456\/revisions\/2461"}],"up":[{"embeddable":true,"href":"https:\/\/www.genindmcc.com\/es\/wp-json\/wp\/v2\/pages\/2450"}],"wp:featuredmedia":[{"embeddable":true,"href":"https:\/\/www.genindmcc.com\/es\/wp-json\/wp\/v2\/media\/2131"}],"wp:attachment":[{"href":"https:\/\/www.genindmcc.com\/es\/wp-json\/wp\/v2\/media?parent=2456"}],"curies":[{"name":"wp","href":"https:\/\/api.w.org\/{rel}","templated":true}]}}