{"id":2447,"date":"2019-05-24T13:40:03","date_gmt":"2019-05-24T10:40:03","guid":{"rendered":"https:\/\/www.genindmcc.com\/integridad-servicios-api-y-rbi\/"},"modified":"2024-09-23T01:00:19","modified_gmt":"2024-09-22T22:00:19","slug":"integridad-servicios-api-y-rbi","status":"publish","type":"page","link":"https:\/\/www.genindmcc.com\/es\/servicios\/integridad-servicios-api-y-rbi\/","title":{"rendered":"INTEGRIDAD &#8211; SERVICIOS API Y RBI"},"content":{"rendered":"<div class=\"wpb-content-wrapper\"><p>[vc_section][vc_row full_height=\u00bbyes\u00bb awb_type=\u00bbimage\u00bb awb_stretch=\u00bb1&#8243; awb_image_size=\u00bbarquito-1920x1080_crop\u00bb awb_image_background_position=\u00bb50% 50%\u00bb awb_color=\u00bbrgba(0,0,0,0.45)\u00bb awb_parallax=\u00bbscroll\u00bb awb_parallax_speed=\u00bb0.8&#8243; awb_image=\u00bb1179&#8243;][vc_column]<div class=\"ult-spacer spacer-69e16dce5271c\" data-id=\"69e16dce5271c\" data-height=\"180\" data-height-mobile=\"180\" data-height-tab=\"180\" data-height-tab-portrait=\"\" data-height-mobile-landscape=\"\" style=\"clear:both;display:block;\"><\/div>[\/vc_column][vc_column width=\u00bb5\/6&#8243;]<div class=\"vlthemes_custom_69e16dce527a2   vlt-animation-block\" data-aos=\"fade\" data-aos-delay=\"0\"><div id=\"ultimate-heading-509069e16dce52892\" class=\"uvc-heading ult-adjust-bottom-margin ultimate-heading-509069e16dce52892 uvc-6673 \" data-hspacer=\"no_spacer\"  data-halign=\"left\" style=\"text-align:left\"><div class=\"uvc-heading-spacer no_spacer\" style=\"top\"><\/div><div class=\"uvc-main-heading ult-responsive\"  data-ultimate-target='.uvc-heading.ultimate-heading-509069e16dce52892 span'  data-responsive-json-new='{\"font-size\":\"desktop:24px;\",\"line-height\":\"\"}' ><span style=\"font-weight:normal;color:#ffffff;\">Servicios<\/span><\/div><\/div><\/div><div class=\"ult-spacer spacer-69e16dce52909\" data-id=\"69e16dce52909\" data-height=\"30\" data-height-mobile=\"30\" data-height-tab=\"30\" data-height-tab-portrait=\"\" data-height-mobile-landscape=\"\" style=\"clear:both;display:block;\"><\/div><div class=\"vlthemes_custom_69e16dce5293f   vlt-animation-block\" data-aos=\"fade\" data-aos-delay=\"100\"><div id=\"ultimate-heading-768169e16dce529f2\" class=\"uvc-heading ult-adjust-bottom-margin ultimate-heading-768169e16dce529f2 uvc-4431 vlt-custom--3515\" data-hspacer=\"no_spacer\"  data-halign=\"left\" style=\"text-align:left\"><div class=\"uvc-heading-spacer no_spacer\" style=\"top\"><\/div><div class=\"uvc-main-heading ult-responsive\"  data-ultimate-target='.uvc-heading.ultimate-heading-768169e16dce529f2 h1'  data-responsive-json-new='{\"font-size\":\"desktop:120px;tablet:120px;mobile_landscape:85px;mobile:70px;\",\"line-height\":\"desktop:120px;tablet:90px;mobile_landscape:64px;mobile:61px;\"}' ><h1 style=\"font-family:&#039;Teko&#039;;font-weight:normal;color:#ffffff;\">INTEGRIDAD - SERVICIOS API Y RBI<\/h1><\/div><\/div><\/div><div class=\"ult-spacer spacer-69e16dce52a8a\" data-id=\"69e16dce52a8a\" data-height=\"\" data-height-mobile=\"\" data-height-tab=\"40\" data-height-tab-portrait=\"\" data-height-mobile-landscape=\"\" style=\"clear:both;display:block;\"><\/div>[\/vc_column][vc_column width=\u00bb1\/6&#8243;]<div class=\"ult-spacer spacer-69e16dce52adb\" data-id=\"69e16dce52adb\" data-height=\"100\" data-height-mobile=\"0\" data-height-tab=\"0\" data-height-tab-portrait=\"0\" data-height-mobile-landscape=\"0\" style=\"clear:both;display:block;\"><\/div><div class=\"vlthemes_custom_69e16dce52b12   vlt-animation-block\" data-aos=\"fade\" data-aos-delay=\"200\">[vc_custom_heading text=\u00bb\u00bb font_container=\u00bbtag:div|font_size:20px|text_align:right|color:%23ffffff|line_height:1&#8243; use_theme_fonts=\u00bbyes\u00bb el_class=\u00bbtext-uppercase font-weight-semibold text-left text-xl-right\u00bb]<div class=\"ult-spacer spacer-69e16dce52b7e\" data-id=\"69e16dce52b7e\" data-height=\"10\" data-height-mobile=\"10\" data-height-tab=\"10\" data-height-tab-portrait=\"\" data-height-mobile-landscape=\"\" style=\"clear:both;display:block;\"><\/div>[vc_custom_heading text=\u00bb\u00bb font_container=\u00bbtag:div|font_size:40px|text_align:right|color:%23ffffff|line_height:1&#8243; use_theme_fonts=\u00bbyes\u00bb el_class=\u00bbfont-weight-medium text-left text-xl-right\u00bb]<\/div>[\/vc_column][\/vc_row][\/vc_section][vc_section][vc_row][vc_column]<div class=\"vlthemes_custom_69e16dce52bb9   vlt-animation-block\" data-aos=\"fade\" data-aos-delay=\"100\"><div class=\"ult-spacer spacer-69e16dce52c2c\" data-id=\"69e16dce52c2c\" data-height=\"50\" data-height-mobile=\"50\" data-height-tab=\"50\" data-height-tab-portrait=\"\" data-height-mobile-landscape=\"\" style=\"clear:both;display:block;\"><\/div><div id=\"ultimate-heading-237969e16dce52c80\" class=\"uvc-heading ult-adjust-bottom-margin ultimate-heading-237969e16dce52c80 uvc-2969 vlt-custom--3515\" data-hspacer=\"no_spacer\"  data-halign=\"left\" style=\"text-align:left\"><div class=\"uvc-heading-spacer no_spacer\" style=\"top\"><\/div><div class=\"uvc-sub-heading ult-responsive\"  data-ultimate-target='.uvc-heading.ultimate-heading-237969e16dce52c80 .uvc-sub-heading '  data-responsive-json-new='{\"font-size\":\"desktop:20px;tablet:16px;\",\"line-height\":\"desktop:32px;tablet:26px;\"}'  style=\"font-weight:normal;color:#000000;margin-top:50px;\"><strong>Nuestra empresa se enfoca en y proporciona servicios en los siguientes est\u00e1ndares, programas y c\u00f3digos especializados, destinados a mejorar la seguridad y eficiencia de sus operaciones:<\/strong><\/div><\/div><\/div>[\/vc_column][\/vc_row][vc_row][vc_column css=\u00bb.vc_custom_1721206546862{padding-top: 100px !important;}\u00bb]<div class=\"vlthemes_custom_69e16dce52cd7   vlt-animation-block\" data-aos=\"fade\" data-aos-delay=\"100\"><div class=\"vlthemes_custom_69e16dce52d53   vlt-services-box\"><div><h4 class=\"vlt-services-box__title has-secondary-font\">1. API 570 \u2013 Inspecci\u00f3n de Oleoductos<\/h4><p class=\"vlt-services-box__text\">Realizamos inspecciones detalladas de oleoductos, evaluando su condici\u00f3n t\u00e9cnica para garantizar su confiabilidad y seguridad. Nuestra tarea es identificar y prevenir posibles fugas y da\u00f1os, lo cual es cr\u00edtico para el transporte de sustancias peligrosas.<\/p><\/div><div><\/div><\/div><div class=\"vlthemes_custom_69e16dce52e1b   vlt-services-box\"><div><h4 class=\"vlt-services-box__title has-secondary-font\">2. API 653 \u2013 Inspecci\u00f3n de Tanques de Almacenamiento<\/h4><p class=\"vlt-services-box__text\">Nuestros servicios de inspecci\u00f3n para tanques de almacenamiento de sustancias l\u00edquidas y gaseosas aseguran su integridad y almacenamiento seguro, ayudando a prevenir fugas y da\u00f1os ambientales.<\/p><\/div><div><\/div><\/div><div class=\"vlthemes_custom_69e16dce52e8a   vlt-services-box\"><div><h4 class=\"vlt-services-box__title has-secondary-font\">3. API 510 \u2013 Inspecci\u00f3n de Recipientes a Presi\u00f3n<\/h4><p class=\"vlt-services-box__text\">Realizamos inspecci\u00f3n y certificaci\u00f3n de recipientes a presi\u00f3n, garantizando su cumplimiento con los est\u00e1ndares de seguridad y operaci\u00f3n eficiente bajo alta presi\u00f3n.<\/p><\/div><div><\/div><\/div><div class=\"vlthemes_custom_69e16dce52ede   vlt-services-box\"><div><h4 class=\"vlt-services-box__title has-secondary-font\">4. RBI (Inspecci\u00f3n Basada en Riesgos)<\/h4><p class=\"vlt-services-box__text\">Nuestro enfoque de inspecci\u00f3n se basa en la evaluaci\u00f3n de riesgos (RBI), lo que nos permite desarrollar e implementar planes de inspecci\u00f3n enfocados en las \u00e1reas m\u00e1s cr\u00edticas. Esto contribuye a la optimizaci\u00f3n de los costos de mantenimiento y mejora la seguridad.<\/p><\/div><div><\/div><\/div><div class=\"vlthemes_custom_69e16dce52f2c   vlt-services-box\"><div><h4 class=\"vlt-services-box__title has-secondary-font\">5. API 580 y 581 \u2013 Desarrollo y Aplicaci\u00f3n de Programas RBI<\/h4><p class=\"vlt-services-box__text\">Nos especializamos en el desarrollo e implementaci\u00f3n de programas RBI de acuerdo con los est\u00e1ndares API 580 y 581. Estos programas est\u00e1n destinados a una gesti\u00f3n efectiva de riesgos y recursos, asegurando un alto nivel de seguridad operacional.<\/p><\/div><div><\/div><\/div><\/div>[\/vc_column][\/vc_row][\/vc_section][vc_section][vc_row][vc_column]<div class=\"vlthemes_custom_69e16dce52f89   vlt-animation-block\" data-aos=\"fade\" data-aos-delay=\"100\"><div class=\"ult-spacer spacer-69e16dce52fdf\" data-id=\"69e16dce52fdf\" data-height=\"25\" data-height-mobile=\"25\" data-height-tab=\"25\" data-height-tab-portrait=\"\" data-height-mobile-landscape=\"\" style=\"clear:both;display:block;\"><\/div><div id=\"ultimate-heading-302569e16dce53042\" class=\"uvc-heading ult-adjust-bottom-margin ultimate-heading-302569e16dce53042 uvc-8056 vlt-custom--3515\" data-hspacer=\"no_spacer\"  data-halign=\"left\" style=\"text-align:left\"><div class=\"uvc-heading-spacer no_spacer\" style=\"top\"><\/div><div class=\"uvc-sub-heading ult-responsive\"  data-ultimate-target='.uvc-heading.ultimate-heading-302569e16dce53042 .uvc-sub-heading '  data-responsive-json-new='{\"font-size\":\"desktop:20px;tablet:16px;\",\"line-height\":\"desktop:32px;tablet:26px;\"}'  style=\"font-weight:normal;color:#000000;margin-top:50px;\">Nuestros servicios est\u00e1n orientados a proporcionar soluciones integrales para la gesti\u00f3n de riesgos, mejora de la seguridad y optimizaci\u00f3n de la operaci\u00f3n de equipos industriales. Garantizamos el cumplimiento de est\u00e1ndares internacionales y legislaci\u00f3n, ofreciendo a nuestros clientes confiabilidad y protecci\u00f3n en cada etapa de sus proyectos.<\/div><\/div><\/div><div class=\"ult-spacer spacer-69e16dce530a0\" data-id=\"69e16dce530a0\" data-height=\"25\" data-height-mobile=\"25\" data-height-tab=\"25\" data-height-tab-portrait=\"\" data-height-mobile-landscape=\"\" style=\"clear:both;display:block;\"><\/div>[\/vc_column][\/vc_row][\/vc_section]<\/p>\n<\/div>","protected":false},"excerpt":{"rendered":"<p>[vc_section][vc_row full_height=\u00bbyes\u00bb awb_type=\u00bbimage\u00bb awb_stretch=\u00bb1&#8243; awb_image_size=\u00bbarquito-1920x1080_crop\u00bb awb_image_background_position=\u00bb50% 50%\u00bb awb_color=\u00bbrgba(0,0,0,0.45)\u00bb awb_parallax=\u00bbscroll\u00bb awb_parallax_speed=\u00bb0.8&#8243; awb_image=\u00bb1179&#8243;][vc_column][\/vc_column][vc_column width=\u00bb5\/6&#8243;][\/vc_column][vc_column width=\u00bb1\/6&#8243;][\/vc_column][\/vc_row][\/vc_section][vc_section][vc_row][vc_column][\/vc_column][\/vc_row][vc_row][vc_column css=\u00bb.vc_custom_1721206546862{padding-top: 100px !important;}\u00bb][\/vc_column][\/vc_row][\/vc_section][vc_section][vc_row][vc_column][\/vc_column][\/vc_row][\/vc_section]<\/p>\n","protected":false},"author":1,"featured_media":2119,"parent":2488,"menu_order":16,"comment_status":"closed","ping_status":"closed","template":"template-custom-page.php","meta":{"_vp_format_video_url":"","_vp_image_focal_point":[],"footnotes":""},"class_list":["post-2447","page","type-page","status-publish","has-post-thumbnail","hentry"],"acf":[],"_links":{"self":[{"href":"https:\/\/www.genindmcc.com\/es\/wp-json\/wp\/v2\/pages\/2447","targetHints":{"allow":["GET"]}}],"collection":[{"href":"https:\/\/www.genindmcc.com\/es\/wp-json\/wp\/v2\/pages"}],"about":[{"href":"https:\/\/www.genindmcc.com\/es\/wp-json\/wp\/v2\/types\/page"}],"author":[{"embeddable":true,"href":"https:\/\/www.genindmcc.com\/es\/wp-json\/wp\/v2\/users\/1"}],"replies":[{"embeddable":true,"href":"https:\/\/www.genindmcc.com\/es\/wp-json\/wp\/v2\/comments?post=2447"}],"version-history":[{"count":6,"href":"https:\/\/www.genindmcc.com\/es\/wp-json\/wp\/v2\/pages\/2447\/revisions"}],"predecessor-version":[{"id":2519,"href":"https:\/\/www.genindmcc.com\/es\/wp-json\/wp\/v2\/pages\/2447\/revisions\/2519"}],"up":[{"embeddable":true,"href":"https:\/\/www.genindmcc.com\/es\/wp-json\/wp\/v2\/pages\/2488"}],"wp:featuredmedia":[{"embeddable":true,"href":"https:\/\/www.genindmcc.com\/es\/wp-json\/wp\/v2\/media\/2119"}],"wp:attachment":[{"href":"https:\/\/www.genindmcc.com\/es\/wp-json\/wp\/v2\/media?parent=2447"}],"curies":[{"name":"wp","href":"https:\/\/api.w.org\/{rel}","templated":true}]}}